{"id":125,"date":"2020-05-01T19:14:56","date_gmt":"2020-05-01T19:14:56","guid":{"rendered":"http:\/\/holzern.de\/?post_type=product&#038;p=125"},"modified":"2024-09-16T18:30:09","modified_gmt":"2024-09-16T18:30:09","slug":"individuelle-tuer-schilder","status":"publish","type":"product","link":"https:\/\/holzern.de\/?product=individuelle-tuer-schilder","title":{"rendered":"Individuelle Haust\u00fcr-Schilder"},"content":{"rendered":"<p>25cm x 15cm gro\u00dfes, individuelles Familien Holzschild nach Ihren Bed\u00fcrfnissen.<\/p>\n<p>Geben Sie bitte die Anzahl, Typ und Namen der Strichm\u00e4nnchen an oder laden Sie Ihr individuelles schwarz-wei\u00df Motiv hoch.<\/p>\n<p>Wir erstellen oder setzen Ihr Motiv und senden es Ihnen zur Freigabe vor Produktionsstart.<\/p>\n<p>Material:<\/p>\n<p>Eiche Mehrschicht-Echtholz-Laminat, Eiche Oberfl\u00e4che, Tr\u00e4ger Fichte<\/p>\n<p>Edelstahl-Schiene als Dach f\u00fcr Witterungsbest\u00e4ndigkeit<\/p>\n<p>Aufh\u00e4ngerl-Loch auf der R\u00fcckseite<\/p>\n","protected":false},"excerpt":{"rendered":"<p>25cm x 15cm gro\u00dfes, individuelles Familien Holzschild nach Ihren Bed\u00fcrfnissen. Geben Sie bitte die Anzahl, Typ und Namen der Strichm\u00e4nnchen<\/p>\n","protected":false},"featured_media":124,"comment_status":"open","ping_status":"closed","template":"","meta":[],"product_brand":[],"product_cat":[18],"product_tag":[],"class_list":{"0":"post-125","1":"product","2":"type-product","3":"status-publish","4":"has-post-thumbnail","6":"product_cat-haus-haushalt","8":"first","9":"instock","10":"taxable","11":"shipping-taxable","12":"purchasable","13":"product-type-simple"},"_links":{"self":[{"href":"https:\/\/holzern.de\/index.php?rest_route=\/wp\/v2\/product\/125","targetHints":{"allow":["GET"]}}],"collection":[{"href":"https:\/\/holzern.de\/index.php?rest_route=\/wp\/v2\/product"}],"about":[{"href":"https:\/\/holzern.de\/index.php?rest_route=\/wp\/v2\/types\/product"}],"replies":[{"embeddable":true,"href":"https:\/\/holzern.de\/index.php?rest_route=%2Fwp%2Fv2%2Fcomments&post=125"}],"wp:featuredmedia":[{"embeddable":true,"href":"https:\/\/holzern.de\/index.php?rest_route=\/wp\/v2\/media\/124"}],"wp:attachment":[{"href":"https:\/\/holzern.de\/index.php?rest_route=%2Fwp%2Fv2%2Fmedia&parent=125"}],"wp:term":[{"taxonomy":"product_brand","embeddable":true,"href":"https:\/\/holzern.de\/index.php?rest_route=%2Fwp%2Fv2%2Fproduct_brand&post=125"},{"taxonomy":"product_cat","embeddable":true,"href":"https:\/\/holzern.de\/index.php?rest_route=%2Fwp%2Fv2%2Fproduct_cat&post=125"},{"taxonomy":"product_tag","embeddable":true,"href":"https:\/\/holzern.de\/index.php?rest_route=%2Fwp%2Fv2%2Fproduct_tag&post=125"}],"curies":[{"name":"wp","href":"https:\/\/api.w.org\/{rel}","templated":true}]}}